{"id":32,"date":"2018-10-11T17:04:37","date_gmt":"2018-10-11T15:04:37","guid":{"rendered":"http:\/\/duofages.fr\/?page_id=32"},"modified":"2019-02-11T08:51:48","modified_gmt":"2019-02-11T07:51:48","slug":"ma-premiere-page","status":"publish","type":"page","link":"https:\/\/duofages.fr\/?page_id=32","title":{"rendered":"ESCAPADE EN LOZERE"},"content":{"rendered":"<p>Au sud du Massif Central, la Loz\u00e8re est le d\u00e9partement dont l&rsquo;altitude moyenne est la plus \u00e9lev\u00e9e. Elle jouit d&rsquo;un climat de montagne mais b\u00e9n\u00e9ficie souvent de la douceur m\u00e9diterran\u00e9enne. L&rsquo;Autoroute A75 et la RN 88 sont les deux principaux axes routiers. Le centre du d\u00e9partement se trouve ainsi \u00e0 moins de deux heures de Clermont-Ferrand et de Montpellier. Les lignes de chemin de fer Paris Beziers et Lyon-Toulouse traversent \u00e9galement notre d\u00e9partement.<\/p>\n","protected":false},"excerpt":{"rendered":"<p>Au sud du Massif Central, la Loz\u00e8re est le d\u00e9partement dont l&rsquo;altitude moyenne est la plus \u00e9lev\u00e9e. Elle jouit d&rsquo;un climat de montagne mais b\u00e9n\u00e9ficie souvent de la douceur m\u00e9diterran\u00e9enne. L&rsquo;Autoroute A75 et la RN 88 sont les deux principaux axes routiers. Le centre du d\u00e9partement se trouve ainsi \u00e0 moins de deux heures de [&hellip;]<\/p>\n","protected":false},"author":2,"featured_media":0,"parent":0,"menu_order":0,"comment_status":"closed","ping_status":"closed","template":"template-composer.php","meta":{"footnotes":""},"class_list":["post-32","page","type-page","status-publish","hentry"],"_links":{"self":[{"href":"https:\/\/duofages.fr\/index.php?rest_route=\/wp\/v2\/pages\/32","targetHints":{"allow":["GET"]}}],"collection":[{"href":"https:\/\/duofages.fr\/index.php?rest_route=\/wp\/v2\/pages"}],"about":[{"href":"https:\/\/duofages.fr\/index.php?rest_route=\/wp\/v2\/types\/page"}],"author":[{"embeddable":true,"href":"https:\/\/duofages.fr\/index.php?rest_route=\/wp\/v2\/users\/2"}],"replies":[{"embeddable":true,"href":"https:\/\/duofages.fr\/index.php?rest_route=%2Fwp%2Fv2%2Fcomments&post=32"}],"version-history":[{"count":5,"href":"https:\/\/duofages.fr\/index.php?rest_route=\/wp\/v2\/pages\/32\/revisions"}],"predecessor-version":[{"id":157,"href":"https:\/\/duofages.fr\/index.php?rest_route=\/wp\/v2\/pages\/32\/revisions\/157"}],"wp:attachment":[{"href":"https:\/\/duofages.fr\/index.php?rest_route=%2Fwp%2Fv2%2Fmedia&parent=32"}],"curies":[{"name":"wp","href":"https:\/\/api.w.org\/{rel}","templated":true}]}}