{"id":34,"date":"2018-10-11T17:04:52","date_gmt":"2018-10-11T15:04:52","guid":{"rendered":"http:\/\/duofages.fr\/?page_id=34"},"modified":"2019-02-11T09:55:10","modified_gmt":"2019-02-11T08:55:10","slug":"ma-deuxieme-page","status":"publish","type":"page","link":"https:\/\/duofages.fr\/?page_id=34","title":{"rendered":"ESCAPADE DANS LES PYRENEES"},"content":{"rendered":"<p>Situ\u00e9 dans un petit collectif, l&rsquo;appartement est accessible en voiture en suivant la d\u00e9partementale 44 d\u00e9s Saint-B\u00e9at, en train depuis la gare de Marignac Saint-B\u00e9at desservie quotidiennement en TER depuis Toulouse-Matabiau. En outre, l&rsquo;a\u00e9rodrome le plus proche est celui de Saint-Gaudens.<\/p>\n","protected":false},"excerpt":{"rendered":"<p>Situ\u00e9 dans un petit collectif, l&rsquo;appartement est accessible en voiture en suivant la d\u00e9partementale 44 d\u00e9s Saint-B\u00e9at, en train depuis la gare de Marignac Saint-B\u00e9at desservie quotidiennement en TER depuis Toulouse-Matabiau. En outre, l&rsquo;a\u00e9rodrome le plus proche est celui de Saint-Gaudens.<\/p>\n","protected":false},"author":2,"featured_media":0,"parent":0,"menu_order":0,"comment_status":"closed","ping_status":"closed","template":"template-composer.php","meta":{"footnotes":""},"class_list":["post-34","page","type-page","status-publish","hentry"],"_links":{"self":[{"href":"https:\/\/duofages.fr\/index.php?rest_route=\/wp\/v2\/pages\/34","targetHints":{"allow":["GET"]}}],"collection":[{"href":"https:\/\/duofages.fr\/index.php?rest_route=\/wp\/v2\/pages"}],"about":[{"href":"https:\/\/duofages.fr\/index.php?rest_route=\/wp\/v2\/types\/page"}],"author":[{"embeddable":true,"href":"https:\/\/duofages.fr\/index.php?rest_route=\/wp\/v2\/users\/2"}],"replies":[{"embeddable":true,"href":"https:\/\/duofages.fr\/index.php?rest_route=%2Fwp%2Fv2%2Fcomments&post=34"}],"version-history":[{"count":4,"href":"https:\/\/duofages.fr\/index.php?rest_route=\/wp\/v2\/pages\/34\/revisions"}],"predecessor-version":[{"id":158,"href":"https:\/\/duofages.fr\/index.php?rest_route=\/wp\/v2\/pages\/34\/revisions\/158"}],"wp:attachment":[{"href":"https:\/\/duofages.fr\/index.php?rest_route=%2Fwp%2Fv2%2Fmedia&parent=34"}],"curies":[{"name":"wp","href":"https:\/\/api.w.org\/{rel}","templated":true}]}}