{"id":351,"date":"2019-02-12T08:20:31","date_gmt":"2019-02-12T07:20:31","guid":{"rendered":"http:\/\/duofages.fr\/?page_id=351"},"modified":"2019-03-15T09:44:41","modified_gmt":"2019-03-15T08:44:41","slug":"reservations-et-disponibilites-mourtis-2","status":"publish","type":"page","link":"https:\/\/duofages.fr\/?page_id=351","title":{"rendered":"R\u00e9servations et disponibilit\u00e9s &#8211; La Maison de Paul"},"content":{"rendered":"<p style=\"text-align: center;\">\n<table id=\"tablepress-3\" class=\"tablepress tablepress-id-3\">\n<tbody class=\"row-hover\">\n<tr class=\"row-1 odd\">\n\t<td class=\"column-1\">\n\t\t\t\t<div class=\"abc-singlecalendar\" data-checkin-6a0319ad26fb2=\"0\" data-offset-6a0319ad26fb2=\"0\" data-month-6a0319ad26fb2=\"0\" id=\"abc_singlecalendar_6a0319ad26fb2\">\n\t\t\t\t\t<div class=\"abc-box abc-single-row\">\n\t\t\t\t\t\t<div data-calendar=\"3\" data-id=\"6a0319ad26fb2\" class=\"abc-box abc-button abc-single-button-left\">\n\t\t\t\t\t\t\t<button class=\"fa fa-chevron-left abc-button-rl\"><\/button>\n\t\t\t\t\t\t<\/div>\n\t\t\t\t\t\t<div class=\"abc-box abc-month\">\n\t\t\t\t\t\t\t<img decoding=\"async\" alt=\"\u00c7a charge...\" src=\"https:\/\/duofages.fr\/wp-admin\/images\/wpspin_light.gif\" class=\"waiting\" id=\"abc_single_loading-6a0319ad26fb2\" style=\"display:none\" \/><span id=\"singlecalendar-month-6a0319ad26fb2\">mai 2026<\/span><\/div>\n\t\t\t\t\t\t\t<div data-calendar=\"3\" data-id=\"6a0319ad26fb2\" class=\"abc-box abc-button abc-single-button-right\">\n\t\t\t\t\t\t\t\t<button class=\"fa fa-chevron-right abc-button-rl\"><\/button>\n\t\t\t\t\t\t<\/div>\n\t\t\t\t\t<\/div>\n\t\t\t\t\t<div class=\"abc-box abc-single-row\">\n\t\t\t\t\t<div class=\"abc-box abc-col-day abc-dayname\">Lun<\/div>\n\t\t\t\t\t<div class=\"abc-box abc-col-day abc-dayname abc-dotted\">Mar<\/div>\n\t\t\t\t\t<div class=\"abc-box abc-col-day abc-dayname abc-dotted\">Mer<\/div>\n\t\t\t\t\t<div class=\"abc-box abc-col-day abc-dayname abc-dotted\">Jeu<\/div>\n\t\t\t\t\t<div class=\"abc-box abc-col-day abc-dayname abc-dotted\">Ven<\/div>\n\t\t\t\t\t<div class=\"abc-box abc-col-day abc-dayname abc-dotted\">Sam<\/div>\n\t\t\t\t\t<div class=\"abc-box abc-col-day abc-dayname abc-dotted\">Dim<\/div>\n\t\t\t\t\t<\/div>\n\t\t\t\t\t<div id=\"abc-calendar-days-6a0319ad26fb2\">\n\t\t\t\t\t\t<div class=\"abc-box abc-single-row\"><div class=\"abc-box abc-col-day \">&nbsp;<\/div><div class=\"abc-box abc-col-day abc-dotted \">&nbsp;<\/div><div class=\"abc-box abc-col-day abc-dotted \">&nbsp;<\/div><div class=\"abc-box abc-col-day abc-dotted \">&nbsp;<\/div><div title=\"\" data-calendar=\"3\" data-id=\"6a0319ad26fb2\" data-date=\"2026-05-01\" class=\"abc-box abc-col-day abc-dotted abc-past abc-date-item \" id=\"abc-day-6a0319ad26fb22026-05-01\">1<br \/><span class=\"abc-single-price\"><\/span><\/div><div title=\"\" data-calendar=\"3\" data-id=\"6a0319ad26fb2\" data-date=\"2026-05-02\" class=\"abc-box abc-col-day abc-dotted abc-past abc-date-item \" id=\"abc-day-6a0319ad26fb22026-05-02\">2<br \/><span class=\"abc-single-price\"><\/span><\/div><div title=\"\" data-calendar=\"3\" data-id=\"6a0319ad26fb2\" data-date=\"2026-05-03\" class=\"abc-box abc-col-day abc-dotted abc-past abc-date-item \" id=\"abc-day-6a0319ad26fb22026-05-03\">3<br \/><span class=\"abc-single-price\"><\/span><\/div><\/div><div class=\"abc-box abc-single-row\"><div title=\"\" data-calendar=\"3\" data-id=\"6a0319ad26fb2\" data-date=\"2026-05-04\" class=\"abc-box abc-col-day abc-past abc-date-item \" id=\"abc-day-6a0319ad26fb22026-05-04\">4<br \/><span class=\"abc-single-price\"><\/span><\/div><div title=\"\" data-calendar=\"3\" data-id=\"6a0319ad26fb2\" data-date=\"2026-05-05\" class=\"abc-box abc-col-day abc-dotted abc-past abc-date-item \" id=\"abc-day-6a0319ad26fb22026-05-05\">5<br \/><span class=\"abc-single-price\"><\/span><\/div><div title=\"\" data-calendar=\"3\" data-id=\"6a0319ad26fb2\" data-date=\"2026-05-06\" class=\"abc-box abc-col-day abc-dotted abc-past abc-date-item \" id=\"abc-day-6a0319ad26fb22026-05-06\">6<br \/><span class=\"abc-single-price\"><\/span><\/div><div title=\"\" data-calendar=\"3\" data-id=\"6a0319ad26fb2\" data-date=\"2026-05-07\" class=\"abc-box abc-col-day abc-dotted abc-past abc-date-item \" id=\"abc-day-6a0319ad26fb22026-05-07\">7<br \/><span class=\"abc-single-price\"><\/span><\/div><div title=\"\" data-calendar=\"3\" data-id=\"6a0319ad26fb2\" data-date=\"2026-05-08\" class=\"abc-box abc-col-day abc-dotted abc-past abc-date-item \" id=\"abc-day-6a0319ad26fb22026-05-08\">8<br \/><span class=\"abc-single-price\"><\/span><\/div><div title=\"\" data-calendar=\"3\" data-id=\"6a0319ad26fb2\" data-date=\"2026-05-09\" class=\"abc-box abc-col-day abc-dotted abc-past abc-date-item \" id=\"abc-day-6a0319ad26fb22026-05-09\">9<br \/><span class=\"abc-single-price\"><\/span><\/div><div title=\"\" data-calendar=\"3\" data-id=\"6a0319ad26fb2\" data-date=\"2026-05-10\" class=\"abc-box abc-col-day abc-dotted abc-past abc-date-item \" id=\"abc-day-6a0319ad26fb22026-05-10\">10<br \/><span class=\"abc-single-price\"><\/span><\/div><\/div><div class=\"abc-box abc-single-row\"><div title=\"\" data-calendar=\"3\" data-id=\"6a0319ad26fb2\" data-date=\"2026-05-11\" class=\"abc-box abc-col-day abc-past abc-date-item \" id=\"abc-day-6a0319ad26fb22026-05-11\">11<br \/><span class=\"abc-single-price\"><\/span><\/div><div title=\"Disponible:\n12\/05\/2026: 42 \u20ac\" data-calendar=\"3\" data-id=\"6a0319ad26fb2\" data-date=\"2026-05-12\" class=\"abc-box abc-col-day abc-dotted abc-avail abc-date-selector abc-date-item \" id=\"abc-day-6a0319ad26fb22026-05-12\">12<br \/><span class=\"abc-single-price\">42 \u20ac<\/span><\/div><div title=\"Disponible:\n13\/05\/2026: 42 \u20ac\" data-calendar=\"3\" data-id=\"6a0319ad26fb2\" data-date=\"2026-05-13\" class=\"abc-box abc-col-day abc-dotted abc-avail abc-date-selector abc-date-item \" id=\"abc-day-6a0319ad26fb22026-05-13\">13<br \/><span class=\"abc-single-price\">42 \u20ac<\/span><\/div><div title=\"Disponible:\n14\/05\/2026: 42 \u20ac\" data-calendar=\"3\" data-id=\"6a0319ad26fb2\" data-date=\"2026-05-14\" class=\"abc-box abc-col-day abc-dotted abc-avail abc-date-selector abc-date-item \" id=\"abc-day-6a0319ad26fb22026-05-14\">14<br \/><span class=\"abc-single-price\">42 \u20ac<\/span><\/div><div title=\"Disponible:\n15\/05\/2026: 42 \u20ac\" data-calendar=\"3\" data-id=\"6a0319ad26fb2\" data-date=\"2026-05-15\" class=\"abc-box abc-col-day abc-dotted abc-avail abc-date-selector abc-date-item \" id=\"abc-day-6a0319ad26fb22026-05-15\">15<br \/><span class=\"abc-single-price\">42 \u20ac<\/span><\/div><div title=\"Disponible:\n16\/05\/2026: 42 \u20ac\" data-calendar=\"3\" data-id=\"6a0319ad26fb2\" data-date=\"2026-05-16\" class=\"abc-box abc-col-day abc-dotted abc-avail abc-date-selector abc-date-item \" id=\"abc-day-6a0319ad26fb22026-05-16\">16<br \/><span class=\"abc-single-price\">42 \u20ac<\/span><\/div><div title=\"Disponible:\n17\/05\/2026: 42 \u20ac\" data-calendar=\"3\" data-id=\"6a0319ad26fb2\" data-date=\"2026-05-17\" class=\"abc-box abc-col-day abc-dotted abc-avail abc-date-selector abc-date-item \" id=\"abc-day-6a0319ad26fb22026-05-17\">17<br \/><span class=\"abc-single-price\">42 \u20ac<\/span><\/div><\/div><div class=\"abc-box abc-single-row\"><div title=\"Disponible:\n18\/05\/2026: 42 \u20ac\" data-calendar=\"3\" data-id=\"6a0319ad26fb2\" data-date=\"2026-05-18\" class=\"abc-box abc-col-day abc-avail abc-date-selector abc-date-item \" id=\"abc-day-6a0319ad26fb22026-05-18\">18<br \/><span class=\"abc-single-price\">42 \u20ac<\/span><\/div><div title=\"Disponible:\n19\/05\/2026: 42 \u20ac\" data-calendar=\"3\" data-id=\"6a0319ad26fb2\" data-date=\"2026-05-19\" class=\"abc-box abc-col-day abc-dotted abc-avail abc-date-selector abc-date-item \" id=\"abc-day-6a0319ad26fb22026-05-19\">19<br \/><span class=\"abc-single-price\">42 \u20ac<\/span><\/div><div title=\"Disponible:\n20\/05\/2026: 42 \u20ac\" data-calendar=\"3\" data-id=\"6a0319ad26fb2\" data-date=\"2026-05-20\" class=\"abc-box abc-col-day abc-dotted abc-avail abc-date-selector abc-date-item \" id=\"abc-day-6a0319ad26fb22026-05-20\">20<br \/><span class=\"abc-single-price\">42 \u20ac<\/span><\/div><div title=\"Disponible:\n21\/05\/2026: 42 \u20ac\" data-calendar=\"3\" data-id=\"6a0319ad26fb2\" data-date=\"2026-05-21\" class=\"abc-box abc-col-day abc-dotted abc-avail abc-date-selector abc-date-item \" id=\"abc-day-6a0319ad26fb22026-05-21\">21<br \/><span class=\"abc-single-price\">42 \u20ac<\/span><\/div><div title=\"Disponible:\n22\/05\/2026: 42 \u20ac\" data-calendar=\"3\" data-id=\"6a0319ad26fb2\" data-date=\"2026-05-22\" class=\"abc-box abc-col-day abc-dotted abc-avail abc-date-selector abc-date-item \" id=\"abc-day-6a0319ad26fb22026-05-22\">22<br \/><span class=\"abc-single-price\">42 \u20ac<\/span><\/div><div title=\"Disponible:\n23\/05\/2026: 42 \u20ac\" data-calendar=\"3\" data-id=\"6a0319ad26fb2\" data-date=\"2026-05-23\" class=\"abc-box abc-col-day abc-dotted abc-avail abc-date-selector abc-date-item \" id=\"abc-day-6a0319ad26fb22026-05-23\">23<br \/><span class=\"abc-single-price\">42 \u20ac<\/span><\/div><div title=\"Disponible:\n24\/05\/2026: 42 \u20ac\" data-calendar=\"3\" data-id=\"6a0319ad26fb2\" data-date=\"2026-05-24\" class=\"abc-box abc-col-day abc-dotted abc-avail abc-date-selector abc-date-item \" id=\"abc-day-6a0319ad26fb22026-05-24\">24<br \/><span class=\"abc-single-price\">42 \u20ac<\/span><\/div><\/div><div class=\"abc-box abc-single-row\"><div title=\"Disponible:\n25\/05\/2026: 42 \u20ac\" data-calendar=\"3\" data-id=\"6a0319ad26fb2\" data-date=\"2026-05-25\" class=\"abc-box abc-col-day abc-avail abc-date-selector abc-date-item \" id=\"abc-day-6a0319ad26fb22026-05-25\">25<br \/><span class=\"abc-single-price\">42 \u20ac<\/span><\/div><div title=\"Disponible:\n26\/05\/2026: 42 \u20ac\" data-calendar=\"3\" data-id=\"6a0319ad26fb2\" data-date=\"2026-05-26\" class=\"abc-box abc-col-day abc-dotted abc-avail abc-date-selector abc-date-item \" id=\"abc-day-6a0319ad26fb22026-05-26\">26<br \/><span class=\"abc-single-price\">42 \u20ac<\/span><\/div><div title=\"Disponible:\n27\/05\/2026: 42 \u20ac\" data-calendar=\"3\" data-id=\"6a0319ad26fb2\" data-date=\"2026-05-27\" class=\"abc-box abc-col-day abc-dotted abc-avail abc-date-selector abc-date-item \" id=\"abc-day-6a0319ad26fb22026-05-27\">27<br \/><span class=\"abc-single-price\">42 \u20ac<\/span><\/div><div title=\"Disponible:\n28\/05\/2026: 42 \u20ac\" data-calendar=\"3\" data-id=\"6a0319ad26fb2\" data-date=\"2026-05-28\" class=\"abc-box abc-col-day abc-dotted abc-avail abc-date-selector abc-date-item \" id=\"abc-day-6a0319ad26fb22026-05-28\">28<br \/><span class=\"abc-single-price\">42 \u20ac<\/span><\/div><div title=\"Disponible:\n29\/05\/2026: 42 \u20ac\" data-calendar=\"3\" data-id=\"6a0319ad26fb2\" data-date=\"2026-05-29\" class=\"abc-box abc-col-day abc-dotted abc-avail abc-date-selector abc-date-item \" id=\"abc-day-6a0319ad26fb22026-05-29\">29<br \/><span class=\"abc-single-price\">42 \u20ac<\/span><\/div><div title=\"Disponible:\n30\/05\/2026: 42 \u20ac\" data-calendar=\"3\" data-id=\"6a0319ad26fb2\" data-date=\"2026-05-30\" class=\"abc-box abc-col-day abc-dotted abc-avail abc-date-selector abc-date-item \" id=\"abc-day-6a0319ad26fb22026-05-30\">30<br \/><span class=\"abc-single-price\">42 \u20ac<\/span><\/div><div title=\"Disponible:\n31\/05\/2026: 42 \u20ac\" data-calendar=\"3\" data-id=\"6a0319ad26fb2\" data-date=\"2026-05-31\" class=\"abc-box abc-col-day abc-dotted abc-avail abc-date-selector abc-date-item \" id=\"abc-day-6a0319ad26fb22026-05-31\">31<br \/><span class=\"abc-single-price\">42 \u20ac<\/span><\/div><\/div>\n\t\t\t\t\t<\/div><div id=\"abc-booking-6a0319ad26fb2\" class=\"abc-booking-selection\">\n\t\t\t\t\t<\/div>\n\t\t\t\t<\/div><\/td><td class=\"column-2\"><figure id=\"attachment_241\" class=\"wp-content-image\"><img loading=\"lazy\" decoding=\"async\" src=\"http:\/\/duofages.fr\/wp-content\/uploads\/2018\/10\/lozere_001.jpg\" alt=\"\" width=\"460\" height=\"400\" class=\"alignnone size-full wp-image-241\" \/><\/figure><\/td>\n<\/tr>\n<\/tbody>\n<\/table>\n<!-- #tablepress-3 from cache -->\n<p>Pour effectuer une demande de r\u00e9servation, v\u00e9rifiez la disponibilit\u00e9 de vos dates (les dates en couleur ne sont plus disponibles \u00e0 ce jour ! ) \u00e0 l&rsquo;aide du calendrier ci-dessus puis renseignez le formulaire ci-dessous.<\/p>\n<p><strong>Attention : les tarifs indiqu\u00e9s sur le calendrier sont les tarifs minimum par nuit. Pour des tarifs plus d\u00e9taill\u00e9s en fonction de la saison, merci de consulter le tableau ci-dessous !<\/strong><\/p>\n<p>Nous vous contacterons pour vous confirmer, ou non, votre r\u00e9servation.<\/p>\n<p>NB : votre r\u00e9servation ne sera d\u00e9finitive qu&rsquo;\u00e0 r\u00e9ception du contrat de location sign\u00e9.<\/p>\n<div class=\"rtbs  rtbs_tarifs-la-maison-de-paul\"><div class=\"rtbs_slug\" style=\"display:none\">tarifs-la-maison-de-paul<\/div><div class=\"rtbs_inactive_tab_background\" style=\"display:none\">transparent<\/div><div class=\"rtbs_breakpoint\" style=\"display:none\">600<\/div><div class=\"rtbs_color\" style=\"display:none\">#6bb470<\/div>\r\n        <div class=\"rtbs_menu\">\r\n            <ul>\r\n                <li class=\"mobile_toggle\">&zwnj;<\/li><li class=\"current\"><a style=\"background:#6bb470\" class=\"active tarifs-la-maison-de-paul-tab-link-0\" href=\"#\" data-tab=\"#tarifs-la-maison-de-paul-tab-0\">Haute saison<\/a><\/li><li><a href=\"#\" data-tab=\"#tarifs-la-maison-de-paul-tab-1\" class=\"tarifs-la-maison-de-paul-tab-link-1\">Moyenne saison<\/a><\/li><li><a href=\"#\" data-tab=\"#tarifs-la-maison-de-paul-tab-2\" class=\"tarifs-la-maison-de-paul-tab-link-2\">Basse saison<\/a><\/li>\r\n            <\/ul>\r\n        <\/div><div style=\"border-top:7px solid #6bb470;\" id=\"tarifs-la-maison-de-paul-tab-0\" class=\"rtbs_content active\"><ul>\n<li>du 01 juillet au 31 ao\u00fbt\u00a0 : 500 \u20ac la semaine<\/li>\n<\/ul>\n<div style=\"margin-top:30px; clear:both;\"><\/div><\/div><div style=\"border-top:7px solid #6bb470;\" id=\"tarifs-la-maison-de-paul-tab-1\" class=\"rtbs_content\"><ul>\n<li>vacances scolaires (sauf vacances \u00e9t\u00e9) et les mois de juin et septembre : 390 \u20ac la semaine<\/li>\n<\/ul>\n<div style=\"margin-top:30px; clear:both;\"><\/div><\/div><div style=\"border-top:7px solid #6bb470;\" id=\"tarifs-la-maison-de-paul-tab-2\" class=\"rtbs_content\"><ul>\n<li>du 01 octobre au 31 mai (sauf vacances scolaires) : 290 \u20ac la semaine<\/li>\n<\/ul>\n<div style=\"margin-top:30px; clear:both;\"><\/div><\/div>\r\n    <\/div>\r\n    \n<div class=\"caldera-grid\" id=\"caldera_form_1\" data-cf-ver=\"1.8.11\" data-cf-form-id=\"CF5c8b5280ddcee\"><div id=\"caldera_notices_1\" data-spinner=\"https:\/\/duofages.fr\/wp-admin\/images\/spinner.gif\"><\/div><form data-instance=\"1\" class=\"CF5c8b5280ddcee caldera_forms_form\" method=\"POST\" enctype=\"multipart\/form-data\" id=\"CF5c8b5280ddcee_1\" data-form-id=\"CF5c8b5280ddcee\" aria-label=\"R&eacute;servation LOZERE\">\r\n<input type=\"hidden\" id=\"_cf_verify_CF5c8b5280ddcee\" name=\"_cf_verify\" value=\"511eac7d53\"  data-nonce-time=\"1778599065\" \/><input type=\"hidden\" name=\"_wp_http_referer\" value=\"\/index.php?rest_route=%2Fwp%2Fv2%2Fpages%2F351\" \/><div id=\"cf2-CF5c8b5280ddcee_1\"><\/div><input type=\"hidden\" name=\"_cf_frm_id\" value=\"CF5c8b5280ddcee\">\r\n<input type=\"hidden\" name=\"_cf_frm_ct\" value=\"1\">\r\n<input type=\"hidden\" name=\"_cf_cr_pst\" value=\"369\">\r\n<div class=\"hide\" style=\"display:none; overflow:hidden;height:0;width:0;\">\r\n<label>E-mail<\/label><input type=\"text\" name=\"email\" value=\"\" autocomplete=\"off\">\r\n<\/div><div id=\"CF5c8b5280ddcee_1-row-1\"  class=\"row  first_row\"><div  class=\"col-sm-6  first_col\"><div data-field-wrapper=\"fld_185917\" class=\"form-group\" id=\"fld_185917_1-wrap\">\r\n\t<label id=\"fld_185917Label\" for=\"fld_185917_1\" class=\"control-label\">NOM <span aria-hidden=\"true\" role=\"presentation\" class=\"field_required\" style=\"color:#ee0000;\">*<\/span><\/label>\r\n\t<div class=\"\">\r\n\t\t<input   required type=\"text\" data-field=\"fld_185917\" class=\" form-control\" id=\"fld_185917_1\" name=\"fld_185917\" value=\"\" data-type=\"text\" aria-required=\"true\"   aria-labelledby=\"fld_185917Label\" >\t\t\t<\/div>\r\n<\/div>\r\n<\/div><div  class=\"col-sm-6  last_col\"><div data-field-wrapper=\"fld_6892512\" class=\"form-group\" id=\"fld_6892512_1-wrap\">\r\n\t<label id=\"fld_6892512Label\" for=\"fld_6892512_1\" class=\"control-label\">Pr\u00e9nom <span aria-hidden=\"true\" role=\"presentation\" class=\"field_required\" style=\"color:#ee0000;\">*<\/span><\/label>\r\n\t<div class=\"\">\r\n\t\t<input   required type=\"text\" data-field=\"fld_6892512\" class=\" form-control\" id=\"fld_6892512_1\" name=\"fld_6892512\" value=\"\" data-type=\"text\" aria-required=\"true\"   aria-labelledby=\"fld_6892512Label\" >\t\t\t<\/div>\r\n<\/div>\r\n<\/div><\/div><div id=\"CF5c8b5280ddcee_1-row-2\"  class=\"row \"><div  class=\"col-sm-6  first_col\"><div data-field-wrapper=\"fld_2254781\" class=\"form-group\" id=\"fld_2254781_1-wrap\">\r\n\t<label id=\"fld_2254781Label\" for=\"fld_2254781_1\" class=\"control-label\">Num\u00e9ro de t\u00e9l\u00e9phone <span aria-hidden=\"true\" role=\"presentation\" class=\"field_required\" style=\"color:#ee0000;\">*<\/span><\/label>\r\n\t<div class=\"\">\r\n\t\t<input   required type=\"text\" data-field=\"fld_2254781\" class=\" form-control\" id=\"fld_2254781_1\" name=\"fld_2254781\" value=\"\" data-type=\"text\" aria-required=\"true\"   aria-labelledby=\"fld_2254781Label\" >\t\t\t<\/div>\r\n<\/div>\r\n<\/div><div  class=\"col-sm-6  last_col\"><div data-field-wrapper=\"fld_7900587\" class=\"form-group\" id=\"fld_7900587_1-wrap\">\r\n\t<label id=\"fld_7900587Label\" for=\"fld_7900587_1\" class=\"control-label\">Adresse mail <span aria-hidden=\"true\" role=\"presentation\" class=\"field_required\" style=\"color:#ee0000;\">*<\/span><\/label>\r\n\t<div class=\"\">\r\n\t\t<input   required type=\"email\" data-field=\"fld_7900587\" class=\" form-control\" id=\"fld_7900587_1\" name=\"fld_7900587\" value=\"\" data-type=\"email\" aria-required=\"true\"   aria-labelledby=\"fld_7900587Label\" >\t\t\t<\/div>\r\n<\/div>\r\n<\/div><\/div><div id=\"CF5c8b5280ddcee_1-row-3\"  class=\"row \"><div  class=\"col-sm-6  first_col\"><div data-field-wrapper=\"fld_9739758\" class=\"form-group\" id=\"fld_9739758_1-wrap\">\r\n\t<label id=\"fld_9739758Label\" for=\"fld_9739758_1\" class=\"control-label\">Adresse <span aria-hidden=\"true\" role=\"presentation\" class=\"field_required\" style=\"color:#ee0000;\">*<\/span><\/label>\r\n\t<div class=\"\">\r\n\t\t<textarea name=\"fld_9739758\" value=\"\" data-field=\"fld_9739758\" class=\"form-control\" id=\"fld_9739758_1\" rows=\"4\"  required=\"required\"  aria-labelledby=\"fld_9739758Label\" ><\/textarea>\r\n\t\t\t<\/div>\r\n<\/div>\r\n<\/div><div  class=\"col-sm-6  last_col\"><div data-field-wrapper=\"fld_2290369\" class=\"form-group\" id=\"fld_2290369_1-wrap\">\r\n\t<label id=\"fld_2290369Label\" for=\"fld_2290369_1\" class=\"control-label\">Code postal <span aria-hidden=\"true\" role=\"presentation\" class=\"field_required\" style=\"color:#ee0000;\">*<\/span><\/label>\r\n\t<div class=\"\">\r\n\t\t<input   required type=\"text\" data-field=\"fld_2290369\" class=\" form-control\" id=\"fld_2290369_1\" name=\"fld_2290369\" value=\"\" data-type=\"text\" aria-required=\"true\"   aria-labelledby=\"fld_2290369Label\" >\t\t\t<\/div>\r\n<\/div>\r\n<div data-field-wrapper=\"fld_4329569\" class=\"form-group\" id=\"fld_4329569_1-wrap\">\r\n\t<label id=\"fld_4329569Label\" for=\"fld_4329569_1\" class=\"control-label\">Ville<\/label>\r\n\t<div class=\"\">\r\n\t\t<input    type=\"text\" data-field=\"fld_4329569\" class=\" form-control\" id=\"fld_4329569_1\" name=\"fld_4329569\" value=\"\" data-type=\"text\"   aria-labelledby=\"fld_4329569Label\" >\t\t\t<\/div>\r\n<\/div>\r\n<\/div><\/div><div id=\"CF5c8b5280ddcee_1-row-4\"  class=\"row \"><div  class=\"col-sm-6  first_col\"><div data-field-wrapper=\"fld_9356744\" class=\"form-group\" id=\"fld_9356744_1-wrap\">\r\n\t<label id=\"fld_9356744Label\" for=\"fld_9356744_1\" class=\"control-label\">R\u00e9servation du <span aria-hidden=\"true\" role=\"presentation\" class=\"field_required\" style=\"color:#ee0000;\">*<\/span><\/label>\r\n\t<div class=\"\">\r\n\t\t<input   required type=\"date\" data-field=\"fld_9356744\" class=\" form-control\" id=\"fld_9356744_1\" name=\"fld_9356744\" value=\"\" data-type=\"date\" aria-required=\"true\"   aria-labelledby=\"fld_9356744Label\" >\t\t\t<\/div>\r\n<\/div>\r\n<\/div><div  class=\"col-sm-6  last_col\"><div data-field-wrapper=\"fld_9099709\" class=\"form-group\" id=\"fld_9099709_1-wrap\">\r\n\t<label id=\"fld_9099709Label\" for=\"fld_9099709_1\" class=\"control-label\">au <span aria-hidden=\"true\" role=\"presentation\" class=\"field_required\" style=\"color:#ee0000;\">*<\/span><\/label>\r\n\t<div class=\"\">\r\n\t\t<input   required type=\"date\" data-field=\"fld_9099709\" class=\" form-control\" id=\"fld_9099709_1\" name=\"fld_9099709\" value=\"\" data-type=\"date\" aria-required=\"true\"   aria-labelledby=\"fld_9099709Label\" >\t\t\t<\/div>\r\n<\/div>\r\n<\/div><\/div><div id=\"CF5c8b5280ddcee_1-row-5\"  class=\"row \"><div  class=\"col-sm-6  first_col\"><div data-field-wrapper=\"fld_6496615\" class=\"form-group\" id=\"fld_6496615_1-wrap\">\r\n\t<label id=\"fld_6496615Label\" for=\"fld_6496615_1\" class=\"control-label\">Nombre d'adultes<\/label>\r\n\t<div class=\"\">\r\n\t\t<input    type=\"number\" data-field=\"fld_6496615\" class=\" form-control\" id=\"fld_6496615_1\" name=\"fld_6496615\" value=\"1\" data-type=\"number\" min=\"1\" step=\"1\" data-parsley-type=\"number\"   aria-labelledby=\"fld_6496615Label\" >\t\t\t<\/div>\r\n<\/div>\r\n<\/div><div  class=\"col-sm-6  last_col\"><div data-field-wrapper=\"fld_5630664\" class=\"form-group\" id=\"fld_5630664_1-wrap\">\r\n\t<label id=\"fld_5630664Label\" for=\"fld_5630664_1\" class=\"control-label\">Nombre d'enfants (0-18 ans)<\/label>\r\n\t<div class=\"\">\r\n\t\t<input    type=\"number\" data-field=\"fld_5630664\" class=\" form-control\" id=\"fld_5630664_1\" name=\"fld_5630664\" value=\"0\" data-type=\"number\" min=\"1\" step=\"1\" data-parsley-type=\"number\"   aria-labelledby=\"fld_5630664Label\" >\t\t\t<\/div>\r\n<\/div>\r\n<\/div><\/div><div id=\"CF5c8b5280ddcee_1-row-6\"  class=\"row  last_row\"><div  class=\"col-sm-12  single\"><div data-field-wrapper=\"fld_4089741\" class=\"form-group\" id=\"fld_4089741_1-wrap\">\r\n\t<label id=\"fld_4089741Label\" for=\"fld_4089741_1\" class=\"control-label\">Votre message<\/label>\r\n\t<div class=\"\">\r\n\t\t<textarea name=\"fld_4089741\" value=\"\" data-field=\"fld_4089741\" class=\"form-control\" id=\"fld_4089741_1\" rows=\"4\"    aria-labelledby=\"fld_4089741Label\" ><\/textarea>\r\n\t\t\t<\/div>\r\n<\/div>\r\n<div data-field-wrapper=\"fld_7167496\" class=\"form-group\" id=\"fld_7167496_1-wrap\">\r\n<div class=\"\">\r\n\t<input  class=\"btn btn-default\" type=\"submit\" name=\"fld_7167496\" id=\"fld_7167496_1\" value=\"Envoyer\" data-field=\"fld_7167496\"  >\r\n<\/div>\r\n<\/div>\r\n\t<input class=\"button_trigger_1\" type=\"hidden\" name=\"fld_7167496\" id=\"fld_7167496_1_btn\" value=\"\" data-field=\"fld_7167496\"  \/>\r\n<\/div><\/div><\/form>\r\n<\/div>\r\n\n","protected":false},"excerpt":{"rendered":"<p>Pour effectuer une demande de r\u00e9servation, v\u00e9rifiez la disponibilit\u00e9 de vos dates (les dates en couleur ne sont plus disponibles \u00e0 ce jour ! ) \u00e0 l&rsquo;aide du calendrier ci-dessus puis renseignez le formulaire ci-dessous. Attention : les tarifs indiqu\u00e9s sur le calendrier sont les tarifs minimum par nuit. Pour des tarifs plus d\u00e9taill\u00e9s en [&hellip;]<\/p>\n","protected":false},"author":2,"featured_media":0,"parent":0,"menu_order":0,"comment_status":"closed","ping_status":"closed","template":"","meta":{"footnotes":""},"class_list":["post-351","page","type-page","status-publish","hentry"],"_links":{"self":[{"href":"https:\/\/duofages.fr\/index.php?rest_route=\/wp\/v2\/pages\/351","targetHints":{"allow":["GET"]}}],"collection":[{"href":"https:\/\/duofages.fr\/index.php?rest_route=\/wp\/v2\/pages"}],"about":[{"href":"https:\/\/duofages.fr\/index.php?rest_route=\/wp\/v2\/types\/page"}],"author":[{"embeddable":true,"href":"https:\/\/duofages.fr\/index.php?rest_route=\/wp\/v2\/users\/2"}],"replies":[{"embeddable":true,"href":"https:\/\/duofages.fr\/index.php?rest_route=%2Fwp%2Fv2%2Fcomments&post=351"}],"version-history":[{"count":6,"href":"https:\/\/duofages.fr\/index.php?rest_route=\/wp\/v2\/pages\/351\/revisions"}],"predecessor-version":[{"id":379,"href":"https:\/\/duofages.fr\/index.php?rest_route=\/wp\/v2\/pages\/351\/revisions\/379"}],"wp:attachment":[{"href":"https:\/\/duofages.fr\/index.php?rest_route=%2Fwp%2Fv2%2Fmedia&parent=351"}],"curies":[{"name":"wp","href":"https:\/\/api.w.org\/{rel}","templated":true}]}}