{"id":99,"date":"2018-10-13T17:30:54","date_gmt":"2018-10-13T15:30:54","guid":{"rendered":"http:\/\/duofages.fr\/?page_id=99"},"modified":"2018-11-18T14:54:19","modified_gmt":"2018-11-18T13:54:19","slug":"venir","status":"publish","type":"page","link":"https:\/\/duofages.fr\/?page_id=99","title":{"rendered":"Venir &#8230;"},"content":{"rendered":"<figure id=\"attachment_191\" class=\"wp-content-image\"><img loading=\"lazy\" decoding=\"async\" class=\" wp-image-191 alignleft\" src=\"http:\/\/duofages.fr\/wp-content\/uploads\/2018\/11\/250px-Loz\u00e8re-Position.png\" alt=\"\" width=\"201\" height=\"217\"><\/figure>\n<p>Au sud du Massif Central, la LOZERE est le d\u00e9partement dont l&rsquo;altitude moyenne est la plus \u00e9lev\u00e9e.<\/p>\n<p>Elle jouit d&rsquo;un climat de montagne mais b\u00e9n\u00e9ficie souvent de la douceur m\u00e9diterran\u00e9enne.<\/p>\n<p>L&rsquo;autoroute A75 et la RN 88 sont les deux principaux axes routiers. Le centre du d\u00e9partement se trouve ainsi \u00e0 moins de deux heures de Clermont-Ferrand et de Montpellier.<\/p>\n<p>Les lignes de chemin de fer Paris-Beziers et Lyon Toulouse traversent \u00e9galement notre d\u00e9partement.<\/p>\n<h3>&nbsp;<\/h3>\n<h3>Pour pr\u00e9parer votre trajet &#8230;<\/h3>\n<ul>\n<li>Consulter le <a href=\"https:\/\/www.sncf.com\/\" target=\"_blank\" rel=\"noopener\">site internet de la SNCF<\/a><\/li>\n<li>Estimer <a href=\"https:\/\/www.viamichelin.fr\/\" target=\"_blank\" rel=\"noopener\">votre temps de trajet en voiture et l&rsquo;itin\u00e9raire \u00e0 suivre<\/a><\/li>\n<li>Conna\u00eetre <a href=\"http:\/\/www.inforoute48.fr\/\" target=\"_blank\" rel=\"noopener\">l&rsquo;\u00e9tat des routes<\/a><\/li>\n<li>Se renseigner sur <a href=\"http:\/\/www.meteofrance.com\/previsions-meteo-france\/chanac\/48230\" target=\"_blank\" rel=\"noopener\">la m\u00e9t\u00e9o<\/a><\/li>\n<\/ul>\n<p>&nbsp;<\/p>\n","protected":false},"excerpt":{"rendered":"<p>Au sud du Massif Central, la LOZERE est le d\u00e9partement dont l&rsquo;altitude moyenne est la plus \u00e9lev\u00e9e. Elle jouit d&rsquo;un climat de montagne mais b\u00e9n\u00e9ficie souvent de la douceur m\u00e9diterran\u00e9enne. L&rsquo;autoroute A75 et la RN 88 sont les deux principaux axes routiers. Le centre du d\u00e9partement se trouve ainsi \u00e0 moins de deux heures de [&hellip;]<\/p>\n","protected":false},"author":2,"featured_media":0,"parent":0,"menu_order":0,"comment_status":"closed","ping_status":"closed","template":"","meta":{"footnotes":""},"class_list":["post-99","page","type-page","status-publish","hentry"],"_links":{"self":[{"href":"https:\/\/duofages.fr\/index.php?rest_route=\/wp\/v2\/pages\/99","targetHints":{"allow":["GET"]}}],"collection":[{"href":"https:\/\/duofages.fr\/index.php?rest_route=\/wp\/v2\/pages"}],"about":[{"href":"https:\/\/duofages.fr\/index.php?rest_route=\/wp\/v2\/types\/page"}],"author":[{"embeddable":true,"href":"https:\/\/duofages.fr\/index.php?rest_route=\/wp\/v2\/users\/2"}],"replies":[{"embeddable":true,"href":"https:\/\/duofages.fr\/index.php?rest_route=%2Fwp%2Fv2%2Fcomments&post=99"}],"version-history":[{"count":5,"href":"https:\/\/duofages.fr\/index.php?rest_route=\/wp\/v2\/pages\/99\/revisions"}],"predecessor-version":[{"id":193,"href":"https:\/\/duofages.fr\/index.php?rest_route=\/wp\/v2\/pages\/99\/revisions\/193"}],"wp:attachment":[{"href":"https:\/\/duofages.fr\/index.php?rest_route=%2Fwp%2Fv2%2Fmedia&parent=99"}],"curies":[{"name":"wp","href":"https:\/\/api.w.org\/{rel}","templated":true}]}}